{"id":2,"date":"2014-05-19T16:58:30","date_gmt":"2014-05-19T16:58:30","guid":{"rendered":"http:\/\/www.javiermartin.net\/?page_id=2"},"modified":"2020-07-31T11:24:36","modified_gmt":"2020-07-31T11:24:36","slug":"javiermartin","status":"publish","type":"page","link":"http:\/\/www.javiermartin.net\/?page_id=2","title":{"rendered":"Consultor IT"},"content":{"rendered":"\n<div class=\"wp-block-columns\">\n<div class=\"wp-block-column\" style=\"flex-basis:33.33%\">\n<div class=\"wp-block-image\"><figure class=\"aligncenter size-large\"><img loading=\"lazy\" width=\"177\" height=\"54\" src=\"http:\/\/www.javiermartin.net\/wp-content\/uploads\/2020\/07\/logo_pmi.png\" alt=\"\" class=\"wp-image-189\"\/><\/figure><\/div>\n<\/div>\n\n\n\n<div class=\"wp-block-column\" style=\"flex-basis:66.66%\">\n<p><strong>PMP | Project Management Professional<\/strong><\/p>\n\n\n\n<p><em>Entidad: Project Management Institute (29\/07\/2020)<\/em><\/p>\n<\/div>\n<\/div>\n\n\n\n<div class=\"wp-block-columns\">\n<div class=\"wp-block-column\" style=\"flex-basis:33.33%\">\n<div class=\"wp-block-image\"><figure class=\"aligncenter size-large is-resized\"><img loading=\"lazy\" src=\"http:\/\/www.javiermartin.net\/wp-content\/uploads\/2020\/07\/prince2.png\" alt=\"\" class=\"wp-image-190\" width=\"176\" height=\"55\" srcset=\"http:\/\/www.javiermartin.net\/wp-content\/uploads\/2020\/07\/prince2.png 525w, http:\/\/www.javiermartin.net\/wp-content\/uploads\/2020\/07\/prince2-300x95.png 300w\" sizes=\"(max-width: 176px) 100vw, 176px\" \/><\/figure><\/div>\n<\/div>\n\n\n\n<div class=\"wp-block-column\" style=\"flex-basis:66.66%\">\n<p><strong>PRINCE2 Foundation<\/strong><\/p>\n\n\n\n<p><em>Entidad: People Cert (23\/12\/2018)<\/em><\/p>\n<\/div>\n<\/div>\n\n\n\n<div class=\"wp-block-columns\">\n<div class=\"wp-block-column\" style=\"flex-basis:33.33%\">\n<div class=\"wp-block-image\"><figure class=\"aligncenter size-large\"><img loading=\"lazy\" width=\"118\" height=\"53\" src=\"http:\/\/www.javiermartin.net\/wp-content\/uploads\/2020\/07\/ES_logo.png\" alt=\"\" class=\"wp-image-191\"\/><\/figure><\/div>\n<\/div>\n\n\n\n<div class=\"wp-block-column\" style=\"flex-basis:66.66%\">\n<p><strong>Expert Scrum Master<\/strong><\/p>\n\n\n\n<p><em>Entidad: European Scrum (30\/10\/2017)<\/em><\/p>\n<\/div>\n<\/div>\n\n\n\n<div class=\"wp-block-columns\">\n<div class=\"wp-block-column\" style=\"flex-basis:33.33%\">\n<div class=\"wp-block-image\"><figure class=\"aligncenter size-large is-resized\"><img loading=\"lazy\" src=\"http:\/\/www.javiermartin.net\/wp-content\/uploads\/2020\/07\/logoScrumMaster.png\" alt=\"\" class=\"wp-image-192\" width=\"106\" height=\"70\" srcset=\"http:\/\/www.javiermartin.net\/wp-content\/uploads\/2020\/07\/logoScrumMaster.png 640w, http:\/\/www.javiermartin.net\/wp-content\/uploads\/2020\/07\/logoScrumMaster-300x201.png 300w\" sizes=\"(max-width: 106px) 100vw, 106px\" \/><\/figure><\/div>\n<\/div>\n\n\n\n<div class=\"wp-block-column\" style=\"flex-basis:66.66%\">\n<p><strong>Acreditado Scrum Manager<\/strong><\/p>\n\n\n\n<p><em>Entidad: Scrum Manager (10\/05\/2017)<\/em><\/p>\n<\/div>\n<\/div>\n\n\n<blockquote>\n<p><strong>Consultor IT &#8211; Freelance<\/strong><\/p>\n<p><em>2003 Odisea en la Inform\u00e1tica&#8230;<\/em><\/p>\n<\/blockquote>\n<p>Desde enero de dos mil tres, y durante catorce a\u00f1os, he realizado labores de Consultor\u00eda Tecnol\u00f3gica para Empresas como profesional aut\u00f3nomo:<\/p>\n<ul>\n<li style=\"list-style-type: none;\">\n<ul>\n<li><em>Transformaci\u00f3n Digital.<\/em><\/li>\n<li><em>Dise\u00f1o y Desarrollo de Aplicaciones a medida (gesti\u00f3n, lectura y generaci\u00f3n de c\u00f3digos de barras, \u2026).<\/em><\/li>\n<li><em>MVC-Symfony2.<\/em><\/li>\n<li><em>Dise\u00f1o Web intranet\/extranet<\/em><\/li>\n<li><em>CMS &#8211; Gestores de Contenidos<\/em><\/li>\n<li><em>Portales Corporativos<\/em><\/li>\n<li><em>Dise\u00f1o e Instalaci\u00f3n de Redes de Datos.<\/em><\/li>\n<li><em>Dise\u00f1o y Despliegue de Sistemas Inform\u00e1ticos.<\/em><\/li>\n<li><em>Mantenimiento de Sistemas y soporte remoto.<\/em><\/li>\n<li><em>Etc\u2026<\/em><\/li>\n<\/ul>\n<\/li>\n<\/ul>\n<p style=\"text-align: center;\"><img loading=\"lazy\" class=\"wp-image-119 aligncenter\" src=\"http:\/\/www.javiermartin.net\/wp-content\/uploads\/2014\/05\/serviciosinformaticos-1024x703.png\" alt=\"serviciosinformaticos\" width=\"717\" height=\"492\" srcset=\"http:\/\/www.javiermartin.net\/wp-content\/uploads\/2014\/05\/serviciosinformaticos-1024x703.png 1024w, http:\/\/www.javiermartin.net\/wp-content\/uploads\/2014\/05\/serviciosinformaticos-300x206.png 300w, http:\/\/www.javiermartin.net\/wp-content\/uploads\/2014\/05\/serviciosinformaticos.png 1080w\" sizes=\"(max-width: 717px) 100vw, 717px\" \/><\/p>\n<blockquote>\n<p>Ante todo: <em><strong>Calidad de Servicio<\/strong><\/em><\/p>\n<\/blockquote>","protected":false},"excerpt":{"rendered":"<p>PMP | Project Management Professional Entidad: Project Management Institute (29\/07\/2020) PRINCE2 Foundation Entidad: People Cert (23\/12\/2018) Expert Scrum Master Entidad: European Scrum (30\/10\/2017) Acreditado Scrum Manager Entidad: Scrum Manager (10\/05\/2017) Consultor IT &#8211; Freelance 2003 Odisea en la Inform\u00e1tica&#8230; Desde enero de dos mil tres, y durante catorce a\u00f1os, he realizado labores de Consultor\u00eda Tecnol\u00f3gica [&hellip;]<\/p>\n","protected":false},"author":1,"featured_media":119,"parent":0,"menu_order":0,"comment_status":"open","ping_status":"closed","template":"","meta":[],"_links":{"self":[{"href":"http:\/\/www.javiermartin.net\/index.php?rest_route=\/wp\/v2\/pages\/2"}],"collection":[{"href":"http:\/\/www.javiermartin.net\/index.php?rest_route=\/wp\/v2\/pages"}],"about":[{"href":"http:\/\/www.javiermartin.net\/index.php?rest_route=\/wp\/v2\/types\/page"}],"author":[{"embeddable":true,"href":"http:\/\/www.javiermartin.net\/index.php?rest_route=\/wp\/v2\/users\/1"}],"replies":[{"embeddable":true,"href":"http:\/\/www.javiermartin.net\/index.php?rest_route=%2Fwp%2Fv2%2Fcomments&post=2"}],"version-history":[{"count":21,"href":"http:\/\/www.javiermartin.net\/index.php?rest_route=\/wp\/v2\/pages\/2\/revisions"}],"predecessor-version":[{"id":204,"href":"http:\/\/www.javiermartin.net\/index.php?rest_route=\/wp\/v2\/pages\/2\/revisions\/204"}],"wp:featuredmedia":[{"embeddable":true,"href":"http:\/\/www.javiermartin.net\/index.php?rest_route=\/wp\/v2\/media\/119"}],"wp:attachment":[{"href":"http:\/\/www.javiermartin.net\/index.php?rest_route=%2Fwp%2Fv2%2Fmedia&parent=2"}],"curies":[{"name":"wp","href":"https:\/\/api.w.org\/{rel}","templated":true}]}}